{"id":1352,"date":"2023-04-11T16:02:58","date_gmt":"2023-04-11T14:02:58","guid":{"rendered":"http:\/\/parcdessports.be\/?page_id=1352"},"modified":"2023-04-21T14:36:09","modified_gmt":"2023-04-21T12:36:09","slug":"presentation","status":"publish","type":"page","link":"http:\/\/parcdessports.be\/?page_id=1352","title":{"rendered":"Pr\u00e9sentation"},"content":{"rendered":"\n<p>Cr\u00e9\u00e9e en 1973, l&#8217;ASBL Parc des Sports dirige un ensemble d&#8217;infrastructures sportives qui accueillent des sportifs et des sportifs de tous les horizons et de tous les niveaux depuis de nombreuses ann\u00e9es.<br>Les disciplines qui y sont repr\u00e9sent\u00e9es y sont nombreuses et les clubs sportifs sont tr\u00e8s actifs avec des \u00e9coles de jeunes qui accueillent de nombreux enfants chaque semaine pour les entra\u00eenements et chaque week-end en comp\u00e9tition.<br>Au fil des ann\u00e9es, le Parc des Sports de Charleroi a accueilli de nombreux \u00e9v\u00e9nements et des rencontres de tr\u00e8s haut niveau.<br>Plusieurs \u00e9quipes ont brill\u00e9 sur la sc\u00e8ne europ\u00e9enne et ont d&#8217;ailleurs f\u00eat\u00e9 leur sacre europ\u00e9en \u00e0 Charleroi.<br><br><strong>Le parc des Sports regroupe pas moins de neuf infrastructures\u00a0sportives:<\/strong><br>&#8211; Le Centre de Loisirs \u00e0 Lodelinsart (rue du Chemin vert, 125B \u00e0 6042 Lodelinsart)<br>&#8211; Le COS 1 \u00e0 Charleroi (rue des Olympiades, 2 \u00e0 6000 Charleroi)<br>&#8211; Le COS 2 \u00e0 Charleroi (rue des Olympiades, 2 \u00e0 6000 Charleroi)<br>&#8211; Le Complexe sportif \u00a0de la Docherie (Rue de Jumet, 324 \u00e0 6030 Marchienne-au-Pont)<br>&#8211; Le Complexe de Ransart (rue Tantenne, 20 \u00e0 6043 Ransart)<br>&#8211; Le Hall Polyvalent de Mont-sur-Marchienne (Rue Napol\u00e9on Lejong, 1 \u00e0 6032 Mont-sur-Marchienne)<br>&#8211; La salle Ballens \u00e0 Monceau (Rue Albert Camus, 24 \u00e0 6031 Monceau-sur-Sambre)<br>&#8211; Le Stade de la Docherie (Rue Saint-Gustave \u00e0 6030 Marchienne-au-Pont)<br>&#8211; Le Stage Jonet \u00e0 Charleroi (Rue de Jonet, 267 \u00e0 6000 Charleroi)<\/p>\n","protected":false},"excerpt":{"rendered":"<p>Cr\u00e9\u00e9e en 1973, l&#8217;ASBL Parc des Sports dirige un ensemble d&#8217;infrastructures sportives qui accueillent des sportifs et des sportifs de tous les horizons et de tous les niveaux depuis de &#8230;<\/p>\n","protected":false},"author":1,"featured_media":0,"parent":0,"menu_order":0,"comment_status":"closed","ping_status":"closed","template":"","meta":{"footnotes":""},"aioseo_notices":[],"_links":{"self":[{"href":"http:\/\/parcdessports.be\/index.php?rest_route=\/wp\/v2\/pages\/1352"}],"collection":[{"href":"http:\/\/parcdessports.be\/index.php?rest_route=\/wp\/v2\/pages"}],"about":[{"href":"http:\/\/parcdessports.be\/index.php?rest_route=\/wp\/v2\/types\/page"}],"author":[{"embeddable":true,"href":"http:\/\/parcdessports.be\/index.php?rest_route=\/wp\/v2\/users\/1"}],"replies":[{"embeddable":true,"href":"http:\/\/parcdessports.be\/index.php?rest_route=%2Fwp%2Fv2%2Fcomments&post=1352"}],"version-history":[{"count":5,"href":"http:\/\/parcdessports.be\/index.php?rest_route=\/wp\/v2\/pages\/1352\/revisions"}],"predecessor-version":[{"id":1381,"href":"http:\/\/parcdessports.be\/index.php?rest_route=\/wp\/v2\/pages\/1352\/revisions\/1381"}],"wp:attachment":[{"href":"http:\/\/parcdessports.be\/index.php?rest_route=%2Fwp%2Fv2%2Fmedia&parent=1352"}],"curies":[{"name":"wp","href":"https:\/\/api.w.org\/{rel}","templated":true}]}}